{"id":14,"date":"2025-11-27T23:46:44","date_gmt":"2025-11-27T23:46:44","guid":{"rendered":"https:\/\/destileriadontomas.com.mx\/index.php\/productos\/"},"modified":"2026-04-07T23:48:28","modified_gmt":"2026-04-07T23:48:28","slug":"tour","status":"publish","type":"page","link":"https:\/\/destileriadontomas.com.mx\/index.php\/tour\/","title":{"rendered":"Tour"},"content":{"rendered":"\n<div class=\"wp-block-group has-mono-1-background-color has-background is-layout-flow wp-container-core-group-is-layout-ce397403 wp-block-group-is-layout-flow\" style=\"margin-top:0;margin-bottom:0;padding-top:0;padding-right:0;padding-bottom:0;padding-left:0\">\n<div class=\"wp-block-cover\" style=\"padding-top:var(--wp--preset--spacing--superbspacing-xlarge);padding-right:0;padding-bottom:var(--wp--preset--spacing--superbspacing-xlarge);padding-left:0;min-height:50px;aspect-ratio:unset;\"><img loading=\"lazy\" decoding=\"async\" width=\"1024\" height=\"683\" class=\"wp-block-cover__image-background wp-image-133 size-large\" alt=\"\" src=\"https:\/\/destileriadontomas.com.mx\/wp-content\/uploads\/2026\/01\/DSC03449-1-1024x683.webp\" style=\"object-position:49% 55%\" data-object-fit=\"cover\" data-object-position=\"49% 55%\" srcset=\"https:\/\/destileriadontomas.com.mx\/wp-content\/uploads\/2026\/01\/DSC03449-1-1024x683.webp 1024w, https:\/\/destileriadontomas.com.mx\/wp-content\/uploads\/2026\/01\/DSC03449-1-300x200.webp 300w, https:\/\/destileriadontomas.com.mx\/wp-content\/uploads\/2026\/01\/DSC03449-1-768x512.webp 768w, https:\/\/destileriadontomas.com.mx\/wp-content\/uploads\/2026\/01\/DSC03449-1-1536x1024.webp 1536w, https:\/\/destileriadontomas.com.mx\/wp-content\/uploads\/2026\/01\/DSC03449-1.webp 2048w\" sizes=\"auto, (max-width: 1024px) 100vw, 1024px\" \/><span aria-hidden=\"true\" class=\"wp-block-cover__background has-background-dim-40 has-background-dim\" style=\"background-color:#637d9d\"><\/span><div class=\"wp-block-cover__inner-container is-layout-flow wp-block-cover-is-layout-flow\">\n<div class=\"wp-block-group has-global-padding is-layout-constrained wp-container-core-group-is-layout-27ec71c5 wp-block-group-is-layout-constrained\" style=\"padding-top:0;padding-right:var(--wp--preset--spacing--superbspacing-small);padding-bottom:0;padding-left:var(--wp--preset--spacing--superbspacing-small)\">\n<div class=\"wp-block-group has-global-padding is-content-justification-center is-layout-constrained wp-container-core-group-is-layout-32b5ec3b wp-block-group-is-layout-constrained\" style=\"margin-top:0;margin-bottom:0\">\n<h1 class=\"wp-block-heading has-text-align-center has-text-color has-superbfont-xxlarge-font-size\" style=\"color:#fdfdfd;font-style:normal;font-weight:400\">Vive la Experiencia Destiler\u00eda Don Tom\u00e1s<\/h1>\n\n\n\n<p class=\"has-text-align-center has-text-color has-superbfont-small-font-size\" style=\"color:#fdfdfd;margin-bottom:var(--wp--preset--spacing--superbspacing-small)\">Una experiencia aut\u00e9ntica para disfrutar, aprender y brindar.<\/p>\n<\/div>\n<\/div>\n<\/div><\/div>\n<\/div>\n\n\n\n<div class=\"wp-block-group alignfull has-mono-4-background-color has-background has-global-padding is-layout-constrained wp-container-core-group-is-layout-129f6e7c wp-block-group-is-layout-constrained\" style=\"margin-top:0;margin-bottom:0;padding-top:var(--wp--preset--spacing--superbspacing-large);padding-right:var(--wp--preset--spacing--superbspacing-small);padding-bottom:var(--wp--preset--spacing--superbspacing-large);padding-left:var(--wp--preset--spacing--superbspacing-small)\">\n<div class=\"wp-block-columns alignwide is-layout-flex wp-container-core-columns-is-layout-25593187 wp-block-columns-is-layout-flex\">\n<div class=\"wp-block-column is-vertically-aligned-center is-layout-flow wp-container-core-column-is-layout-a1628350 wp-block-column-is-layout-flow\" style=\"padding-top:0;padding-right:0;padding-bottom:0;padding-left:0\">\n<div class=\"wp-block-group is-layout-flow wp-container-core-group-is-layout-ff697075 wp-block-group-is-layout-flow\">\n<h3 class=\"wp-block-heading has-text-align-left has-superbfont-xlarge-font-size\" style=\"line-height:1.2\">Inicio del Recorrido<\/h3>\n\n\n\n<p class=\"has-mono-2-color has-text-color has-link-color wp-elements-e1769a2fa2b033978d11e052c7c5cdfc\">Descubre el coraz\u00f3n del tequila en una experiencia \u00fanica que combina <strong>tradici\u00f3n, historia y sabor<\/strong>. Nuestro tour te lleva a conocer los <strong>campos de agave<\/strong>, la esencia del <strong>Pueblo M\u00e1gico de Tequila<\/strong> y el <strong>proceso completo de elaboraci\u00f3n del tequila<\/strong>, todo en un solo recorrido.<\/p>\n\n\n\n<p class=\"has-mono-2-color has-text-color has-link-color wp-elements-7c1bf63b0cbdd83c5f7b278c4c2a867a\">El tour comienza en el <strong>centro del Pueblo de Tequila<\/strong>, donde abordar\u00e1s tu transporte tur\u00edstico <strong>Atractivo Adventure<\/strong> nuestro <strong>cami\u00f3n tranv\u00eda<\/strong> o el <strong>ic\u00f3nico cami\u00f3n en forma de botella<\/strong> \ud83c\udf7e.<br>Desde ah\u00ed, iniciamos el recorrido rumbo a <strong>Destiler\u00eda Don Tom\u00e1s<\/strong>, disfrutando del paisaje y la historia que rodean esta tierra tequilera.<\/p>\n<\/div>\n\n\n\n<div class=\"wp-block-buttons is-layout-flex wp-container-core-buttons-is-layout-69f3c5ca wp-block-buttons-is-layout-flex\">\n<div class=\"wp-block-button is-style-outline is-style-outline--1\"><a class=\"wp-block-button__link has-superbfont-small-font-size has-custom-font-size wp-element-button\" href=\"https:\/\/api.whatsapp.com\/send?phone=3326005759\" style=\"padding-top:var(--wp--preset--spacing--superbspacing-xsmall);padding-right:var(--wp--preset--spacing--superbspacing-xsmall);padding-bottom:var(--wp--preset--spacing--superbspacing-xsmall);padding-left:var(--wp--preset--spacing--superbspacing-xsmall)\">(+52) 33 2600 5759<\/a><\/div>\n\n\n\n<div class=\"wp-block-button\"><a class=\"wp-block-button__link has-superbfont-small-font-size has-custom-font-size wp-element-button\" href=\"https:\/\/destileriadontomas.com.mx\/index.php\/contacto\/\" style=\"padding-top:var(--wp--preset--spacing--superbspacing-xsmall);padding-right:var(--wp--preset--spacing--superbspacing-xsmall);padding-bottom:var(--wp--preset--spacing--superbspacing-xsmall);padding-left:var(--wp--preset--spacing--superbspacing-xsmall)\">Contactanos<\/a><\/div>\n<\/div>\n<\/div>\n\n\n\n<div class=\"wp-block-column is-vertically-aligned-center is-layout-flow wp-container-core-column-is-layout-40a2a7e8 wp-block-column-is-layout-flow\" style=\"padding-right:0;padding-bottom:0;padding-left:0\">\n<figure class=\"wp-block-image size-large has-custom-border\"><img loading=\"lazy\" decoding=\"async\" width=\"769\" height=\"1024\" src=\"https:\/\/destileriadontomas.com.mx\/wp-content\/uploads\/2026\/04\/IMG_1441-769x1024.webp\" alt=\"\" class=\"wp-image-220\" style=\"border-radius:0px\" srcset=\"https:\/\/destileriadontomas.com.mx\/wp-content\/uploads\/2026\/04\/IMG_1441-769x1024.webp 769w, https:\/\/destileriadontomas.com.mx\/wp-content\/uploads\/2026\/04\/IMG_1441-225x300.webp 225w, https:\/\/destileriadontomas.com.mx\/wp-content\/uploads\/2026\/04\/IMG_1441-768x1023.webp 768w, https:\/\/destileriadontomas.com.mx\/wp-content\/uploads\/2026\/04\/IMG_1441-1154x1536.webp 1154w, https:\/\/destileriadontomas.com.mx\/wp-content\/uploads\/2026\/04\/IMG_1441.webp 1538w\" sizes=\"auto, (max-width: 769px) 100vw, 769px\" \/><\/figure>\n<\/div>\n<\/div>\n<\/div>\n\n\n\n<div class=\"wp-block-group alignfull has-global-padding is-layout-constrained wp-container-core-group-is-layout-8bbd0b3b wp-block-group-is-layout-constrained\" style=\"margin-top:0;margin-bottom:0;padding-top:var(--wp--preset--spacing--superbspacing-large);padding-right:var(--wp--preset--spacing--superbspacing-small);padding-bottom:var(--wp--preset--spacing--superbspacing-large);padding-left:var(--wp--preset--spacing--superbspacing-small)\">\n<figure class=\"wp-block-image alignwide size-full\"><img loading=\"lazy\" decoding=\"async\" width=\"2560\" height=\"1707\" src=\"https:\/\/destileriadontomas.com.mx\/wp-content\/uploads\/2026\/01\/DSC07097-scaled.webp\" alt=\"\" class=\"wp-image-135\" srcset=\"https:\/\/destileriadontomas.com.mx\/wp-content\/uploads\/2026\/01\/DSC07097-scaled.webp 2560w, https:\/\/destileriadontomas.com.mx\/wp-content\/uploads\/2026\/01\/DSC07097-300x200.webp 300w, https:\/\/destileriadontomas.com.mx\/wp-content\/uploads\/2026\/01\/DSC07097-1024x683.webp 1024w, https:\/\/destileriadontomas.com.mx\/wp-content\/uploads\/2026\/01\/DSC07097-768x512.webp 768w, https:\/\/destileriadontomas.com.mx\/wp-content\/uploads\/2026\/01\/DSC07097-1536x1024.webp 1536w, https:\/\/destileriadontomas.com.mx\/wp-content\/uploads\/2026\/01\/DSC07097-2048x1365.webp 2048w\" sizes=\"auto, (max-width: 2560px) 100vw, 2560px\" \/><\/figure>\n\n\n\n<div class=\"wp-block-group alignwide has-global-padding is-layout-constrained wp-container-core-group-is-layout-44bcd671 wp-block-group-is-layout-constrained\" style=\"padding-top:var(--wp--preset--spacing--superbspacing-xsmall);padding-bottom:var(--wp--preset--spacing--superbspacing-xsmall)\">\n<p class=\"has-featured-color has-text-color has-link-color has-superbfont-small-font-size wp-elements-666f7aadd8d4dd7f3b0a6e8378b1b273\">UNA EXPERIENCIA QUE NO SE OLVIDA<\/p>\n\n\n\n<h2 class=\"wp-block-heading has-text-align-left has-superbfont-xlarge-font-size\" style=\"line-height:1.2\">Visita a Destiler\u00eda Don Tom\u00e1s<\/h2>\n<\/div>\n\n\n\n<div class=\"wp-block-columns alignwide is-layout-flex wp-container-core-columns-is-layout-25593187 wp-block-columns-is-layout-flex\">\n<div class=\"wp-block-column is-vertically-aligned-center is-layout-flow wp-container-core-column-is-layout-a1628350 wp-block-column-is-layout-flow\" style=\"padding-top:0;padding-right:0;padding-bottom:0;padding-left:0\">\n<div class=\"wp-block-group is-layout-flow wp-container-core-group-is-layout-ff697075 wp-block-group-is-layout-flow\">\n<p class=\"has-text-align-left has-mono-2-color has-text-color has-superbfont-small-font-size\"><span class=\"has-superb-addons-text-align-justify\">En nuestra destiler\u00eda conocer\u00e1s <strong>de primera mano cada etapa del proceso de elaboraci\u00f3n del tequila<\/strong>, desde el agave hasta la botella.<br>Contamos con <strong>producci\u00f3n activa todos los d\u00edas<\/strong>, amplias y atractivas instalaciones, y una <strong>cava de tequila<\/strong> que forma parte del recorrido.<\/span><\/p>\n\n\n\n<p class=\"has-text-align-left has-mono-2-color has-text-color has-superbfont-small-font-size\"><span class=\"has-superb-addons-text-align-justify\">Aqu\u00ed descubrir\u00e1s el trabajo, la pasi\u00f3n y el cuidado que dan vida a cada uno de nuestros productos.<\/span><\/p>\n\n\n\n<p><strong>Degustaci\u00f3n Guiada<\/strong><br>Al finalizar el recorrido por la f\u00e1brica, pasar\u00e1s a nuestra <strong>\u00e1rea de degustaci\u00f3n<\/strong>, donde disfrutar\u00e1s de <strong>5 a 6 muestras<\/strong>, que pueden incluir:<\/p>\n\n\n\n<ul class=\"wp-block-list\">\n<li>Destilados de agave<\/li>\n\n\n\n<li>Tequilas premium<\/li>\n\n\n\n<li>Licores de sabor<\/li>\n\n\n\n<li>Cremas de la casa<\/li>\n<\/ul>\n\n\n\n<p class=\"has-text-align-left has-mono-2-color has-text-color has-superbfont-small-font-size\">Una experiencia sensorial ideal para conocer y disfrutar nuestras diferentes expresiones.<\/p>\n<\/div>\n<\/div>\n\n\n\n<div class=\"wp-block-column is-vertically-aligned-center is-layout-flow wp-container-core-column-is-layout-40a2a7e8 wp-block-column-is-layout-flow\" style=\"padding-right:0;padding-bottom:0;padding-left:0\">\n<p class=\"has-text-align-left has-mono-2-color has-text-color has-superbfont-small-font-size\"><strong>Campos de Agave y Recorrido Panor\u00e1mico<\/strong><\/p>\n\n\n\n<p class=\"has-text-align-left has-mono-2-color has-text-color has-superbfont-small-font-size\">Continuamos hacia los <strong>campos de agave<\/strong>, el escenario perfecto para <strong>fotograf\u00edas y videos<\/strong>.<br>Posteriormente, realizamos un <strong>recorrido panor\u00e1mico por las f\u00e1bricas m\u00e1s antiguas de Tequila<\/strong>, sin necesidad de descender del transporte, mientras conoces m\u00e1s sobre la historia y tradici\u00f3n del lugar.<\/p>\n\n\n\n<p class=\"has-text-align-left has-mono-2-color has-text-color has-superbfont-small-font-size\"><strong>Final del Tour<\/strong><br>El recorrido concluye en el <strong>mismo punto donde inici\u00f3<\/strong>, para tu mayor comodidad.<\/p>\n\n\n\n<p class=\"has-text-align-left has-mono-2-color has-text-color has-superbfont-small-font-size\"><strong>Reservaciones e Informaci\u00f3n<\/strong><br>Con gusto te ayudamos a <strong>reservar tu tour<\/strong> o a brindarte m\u00e1s informaci\u00f3n.<br>\u00a1Ven y vive la experiencia Don Tom\u00e1s, donde el tequila se disfruta desde su origen!<\/p>\n<\/div>\n<\/div>\n\n\n\n<div class=\"wp-block-columns is-layout-flex wp-container-core-columns-is-layout-28f84493 wp-block-columns-is-layout-flex\">\n<div class=\"wp-block-column is-layout-flow wp-block-column-is-layout-flow\" style=\"flex-basis:100%\">\n<div class=\"wp-block-columns is-layout-flex wp-container-core-columns-is-layout-28f84493 wp-block-columns-is-layout-flex\">\n<div class=\"wp-block-column is-layout-flow wp-block-column-is-layout-flow\">\n<figure class=\"wp-block-image size-full\"><img loading=\"lazy\" decoding=\"async\" width=\"610\" height=\"979\" src=\"https:\/\/destileriadontomas.com.mx\/wp-content\/uploads\/2026\/04\/tren.webp\" alt=\"\" class=\"wp-image-221\" style=\"aspect-ratio:9\/16;object-fit:cover\" srcset=\"https:\/\/destileriadontomas.com.mx\/wp-content\/uploads\/2026\/04\/tren.webp 610w, https:\/\/destileriadontomas.com.mx\/wp-content\/uploads\/2026\/04\/tren-187x300.webp 187w\" sizes=\"auto, (max-width: 610px) 100vw, 610px\" \/><\/figure>\n<\/div>\n\n\n\n<div class=\"wp-block-column is-layout-flow wp-block-column-is-layout-flow\">\n<figure class=\"wp-block-image size-full\"><img loading=\"lazy\" decoding=\"async\" width=\"677\" height=\"982\" src=\"https:\/\/destileriadontomas.com.mx\/wp-content\/uploads\/2026\/04\/tky.webp\" alt=\"\" class=\"wp-image-222\" style=\"aspect-ratio:9\/16;object-fit:cover\" srcset=\"https:\/\/destileriadontomas.com.mx\/wp-content\/uploads\/2026\/04\/tky.webp 677w, https:\/\/destileriadontomas.com.mx\/wp-content\/uploads\/2026\/04\/tky-207x300.webp 207w\" sizes=\"auto, (max-width: 677px) 100vw, 677px\" \/><\/figure>\n<\/div>\n\n\n\n<div class=\"wp-block-column is-layout-flow wp-block-column-is-layout-flow\">\n<figure class=\"wp-block-image size-large\"><img loading=\"lazy\" decoding=\"async\" width=\"819\" height=\"1024\" src=\"https:\/\/destileriadontomas.com.mx\/wp-content\/uploads\/2026\/01\/DONTOMAS_TEQUILA78-819x1024.webp\" alt=\"\" class=\"wp-image-134\" style=\"aspect-ratio:9\/16;object-fit:cover\" srcset=\"https:\/\/destileriadontomas.com.mx\/wp-content\/uploads\/2026\/01\/DONTOMAS_TEQUILA78-819x1024.webp 819w, https:\/\/destileriadontomas.com.mx\/wp-content\/uploads\/2026\/01\/DONTOMAS_TEQUILA78-240x300.webp 240w, https:\/\/destileriadontomas.com.mx\/wp-content\/uploads\/2026\/01\/DONTOMAS_TEQUILA78-768x960.webp 768w, https:\/\/destileriadontomas.com.mx\/wp-content\/uploads\/2026\/01\/DONTOMAS_TEQUILA78.webp 1080w\" sizes=\"auto, (max-width: 819px) 100vw, 819px\" \/><\/figure>\n<\/div>\n<\/div>\n<\/div>\n<\/div>\n<\/div>\n\n\n\n<div class=\"wp-block-cover alignwide is-light\" style=\"border-radius:8px;padding-top:var(--wp--preset--spacing--superbspacing-xxlarge);padding-right:var(--wp--preset--spacing--superbspacing-medium);padding-bottom:var(--wp--preset--spacing--superbspacing-xxlarge);padding-left:var(--wp--preset--spacing--superbspacing-medium)\"><img loading=\"lazy\" decoding=\"async\" width=\"1024\" height=\"683\" class=\"wp-block-cover__image-background wp-image-52 size-large\" alt=\"\" src=\"https:\/\/destileriadontomas.com.mx\/wp-content\/uploads\/2025\/12\/DSC02185-_1_-1024x683.webp\" data-object-fit=\"cover\" srcset=\"https:\/\/destileriadontomas.com.mx\/wp-content\/uploads\/2025\/12\/DSC02185-_1_-1024x683.webp 1024w, https:\/\/destileriadontomas.com.mx\/wp-content\/uploads\/2025\/12\/DSC02185-_1_-300x200.webp 300w, https:\/\/destileriadontomas.com.mx\/wp-content\/uploads\/2025\/12\/DSC02185-_1_-768x512.webp 768w, https:\/\/destileriadontomas.com.mx\/wp-content\/uploads\/2025\/12\/DSC02185-_1_-1536x1024.webp 1536w, https:\/\/destileriadontomas.com.mx\/wp-content\/uploads\/2025\/12\/DSC02185-_1_-2048x1365.webp 2048w\" sizes=\"auto, (max-width: 1024px) 100vw, 1024px\" \/><span aria-hidden=\"true\" class=\"wp-block-cover__background has-background-dim-20 has-background-dim\" style=\"background-color:#b19588\"><\/span><div class=\"wp-block-cover__inner-container has-global-padding is-layout-constrained wp-container-core-cover-is-layout-5c6e2135 wp-block-cover-is-layout-constrained\">\n<div class=\"wp-block-group has-global-padding is-layout-constrained wp-container-core-group-is-layout-e52907a5 wp-block-group-is-layout-constrained\">\n<h3 class=\"wp-block-heading has-text-align-center has-contrast-light-color has-text-color has-superbfont-xxlarge-font-size\">TU EXPERIENCIA TE ESPERA<\/h3>\n\n\n\n<p class=\"has-text-align-center has-contrast-light-color has-text-color has-superbfont-small-font-size\">Reserva tu lugar en una experiencia \u00fanica que conecta tradici\u00f3n, sabor y cultura mexicana.<br>Nuestros tours operan de martes a domingo con cupos limitados.<\/p>\n<\/div>\n\n\n\n<div class=\"wp-block-group has-contrast-light-background-color has-background has-global-padding is-layout-constrained wp-container-core-group-is-layout-ebe61d59 wp-block-group-is-layout-constrained\" style=\"border-radius:8px;padding-top:var(--wp--preset--spacing--superbspacing-xsmall);padding-right:var(--wp--preset--spacing--superbspacing-small);padding-bottom:var(--wp--preset--spacing--superbspacing-xsmall);padding-left:var(--wp--preset--spacing--superbspacing-small)\">\n<div class=\"wp-block-columns are-vertically-aligned-center is-layout-flex wp-container-core-columns-is-layout-28f84493 wp-block-columns-is-layout-flex\">\n<div class=\"wp-block-column is-vertically-aligned-center is-layout-flow wp-block-column-is-layout-flow\" style=\"flex-basis:70%\">\n<h3 class=\"wp-block-heading has-text-align-left has-contrast-dark-color has-text-color has-superbfont-small-font-size\">Indeleble un tequila que no se olvida! <\/h3>\n<\/div>\n\n\n\n<div class=\"wp-block-column is-vertically-aligned-center is-layout-flow wp-block-column-is-layout-flow\">\n<div class=\"wp-block-buttons is-layout-flex wp-container-core-buttons-is-layout-69f3c5ca wp-block-buttons-is-layout-flex\">\n<div class=\"wp-block-button has-custom-width wp-block-button__width-100\"><a class=\"wp-block-button__link has-superbfont-small-font-size has-custom-font-size wp-element-button\" href=\"https:\/\/destileriadontomas.com.mx\/index.php\/contacto\/\" style=\"padding-top:var(--wp--preset--spacing--superbspacing-xsmall);padding-right:var(--wp--preset--spacing--superbspacing-xsmall);padding-bottom:var(--wp--preset--spacing--superbspacing-xsmall);padding-left:var(--wp--preset--spacing--superbspacing-xsmall)\">Cont\u00e1ctanos \u2192<\/a><\/div>\n<\/div>\n<\/div>\n<\/div>\n<\/div>\n<\/div><\/div>\n","protected":false},"excerpt":{"rendered":"<p>Inicio del Recorrido Descubre el coraz\u00f3n del tequila en una experiencia \u00fanica que combina tradici\u00f3n, historia y sabor. Nuestro tour te lleva a conocer los campos de agave, la esencia del Pueblo M\u00e1gico de Tequila y el proceso completo de elaboraci\u00f3n del tequila, todo en un solo recorrido. El tour comienza en el centro del [&hellip;]<\/p>\n","protected":false},"author":1,"featured_media":0,"parent":0,"menu_order":0,"comment_status":"closed","ping_status":"closed","template":"superbaddons-page-template","meta":{"_joinchat":[],"footnotes":""},"class_list":["post-14","page","type-page","status-publish","hentry"],"_links":{"self":[{"href":"https:\/\/destileriadontomas.com.mx\/index.php\/wp-json\/wp\/v2\/pages\/14","targetHints":{"allow":["GET"]}}],"collection":[{"href":"https:\/\/destileriadontomas.com.mx\/index.php\/wp-json\/wp\/v2\/pages"}],"about":[{"href":"https:\/\/destileriadontomas.com.mx\/index.php\/wp-json\/wp\/v2\/types\/page"}],"author":[{"embeddable":true,"href":"https:\/\/destileriadontomas.com.mx\/index.php\/wp-json\/wp\/v2\/users\/1"}],"replies":[{"embeddable":true,"href":"https:\/\/destileriadontomas.com.mx\/index.php\/wp-json\/wp\/v2\/comments?post=14"}],"version-history":[{"count":10,"href":"https:\/\/destileriadontomas.com.mx\/index.php\/wp-json\/wp\/v2\/pages\/14\/revisions"}],"predecessor-version":[{"id":247,"href":"https:\/\/destileriadontomas.com.mx\/index.php\/wp-json\/wp\/v2\/pages\/14\/revisions\/247"}],"wp:attachment":[{"href":"https:\/\/destileriadontomas.com.mx\/index.php\/wp-json\/wp\/v2\/media?parent=14"}],"curies":[{"name":"wp","href":"https:\/\/api.w.org\/{rel}","templated":true}]}}